{"id":163,"date":"2025-11-21T17:33:27","date_gmt":"2025-11-21T16:33:27","guid":{"rendered":"http:\/\/localhost:8888\/?page_id=163"},"modified":"2026-03-24T14:49:07","modified_gmt":"2026-03-24T13:49:07","slug":"conseils-accompagnement","status":"publish","type":"page","link":"https:\/\/sajrabtp.com\/index.php\/conseils-accompagnement\/","title":{"rendered":"Conseils &#038; accompagnement"},"content":{"rendered":"\t\t<div data-elementor-type=\"wp-page\" data-elementor-id=\"163\" class=\"elementor elementor-163\" data-elementor-post-type=\"page\">\n\t\t\t\t<div class=\"elementor-element elementor-element-831fdae e-flex e-con-boxed e-con e-parent\" data-id=\"831fdae\" data-element_type=\"container\" data-e-type=\"container\">\n\t\t\t\t\t<div class=\"e-con-inner\">\n\t\t<div class=\"elementor-element elementor-element-dab2a75 e-con-full e-flex e-con e-child\" data-id=\"dab2a75\" data-element_type=\"container\" data-e-type=\"container\">\n\t\t\t\t<div class=\"elementor-element elementor-element-c373413 elementor-invisible elementor-widget elementor-widget-heading\" data-id=\"c373413\" data-element_type=\"widget\" data-e-type=\"widget\" data-settings=\"{&quot;_animation&quot;:&quot;fadeIn&quot;}\" data-widget_type=\"heading.default\">\n\t\t\t\t\t<h1 class=\"elementor-heading-title elementor-size-default\">Conseils et accompagnement<\/h1>\t\t\t\t<\/div>\n\t\t\t\t<div class=\"elementor-element elementor-element-0b9c7c2 elementor-invisible elementor-widget elementor-widget-heading\" data-id=\"0b9c7c2\" data-element_type=\"widget\" data-e-type=\"widget\" data-settings=\"{&quot;_animation&quot;:&quot;fadeIn&quot;}\" data-widget_type=\"heading.default\">\n\t\t\t\t\t<h1 class=\"elementor-heading-title elementor-size-default\">Un regard d\u2019expert sur votre chantier<\/h1>\t\t\t\t<\/div>\n\t\t\t\t<div class=\"elementor-element elementor-element-4cf1890 elementor-invisible elementor-widget elementor-widget-heading\" data-id=\"4cf1890\" data-element_type=\"widget\" data-e-type=\"widget\" data-settings=\"{&quot;_animation&quot;:&quot;fadeIn&quot;,&quot;_animation_delay&quot;:400}\" data-widget_type=\"heading.default\">\n\t\t\t\t\t<h2 class=\"elementor-heading-title elementor-size-default\">Avant de construire et durant les travaux, Sajra BTP aide \u00e0 prendre les bonnes d\u00e9cisions. Qu\u2019il s\u2019agisse d\u2019\u00e9valuer un terrain, de valider la faisabilit\u00e9 d\u2019un projet ou d\u2019accompagner des particuliers dans les choix structurels, l\u2019entreprise apporte un regard technique clair et accessible. Cette phase de conseil en amont s\u00e9curise le projet, \u00e9vite les erreurs co\u00fbteuses et garantit une base solide avant d\u2019entrer dans le chantier.<\/h2>\t\t\t\t<\/div>\n\t\t\t\t<\/div>\n\t\t<div class=\"elementor-element elementor-element-c2f0830 e-con-full e-flex e-con e-child\" data-id=\"c2f0830\" data-element_type=\"container\" data-e-type=\"container\" data-settings=\"{&quot;background_background&quot;:&quot;classic&quot;}\">\n\t\t\t\t<\/div>\n\t\t\t\t\t<\/div>\n\t\t\t\t<\/div>\n\t\t<div class=\"elementor-element elementor-element-48c5a794 e-flex e-con-boxed e-con e-parent\" data-id=\"48c5a794\" data-element_type=\"container\" data-e-type=\"container\">\n\t\t\t\t\t<div class=\"e-con-inner\">\n\t\t<div class=\"elementor-element elementor-element-33404187 e-con-full e-flex e-con e-child\" data-id=\"33404187\" data-element_type=\"container\" data-e-type=\"container\">\n\t\t\t\t<div class=\"elementor-element elementor-element-5d136303 elementor-widget elementor-widget-heading\" data-id=\"5d136303\" data-element_type=\"widget\" data-e-type=\"widget\" data-widget_type=\"heading.default\">\n\t\t\t\t\t<h2 class=\"elementor-heading-title elementor-size-default\">Accompagner les projets de nos clients<\/h2>\t\t\t\t<\/div>\n\t\t\t\t<div class=\"elementor-element elementor-element-87ecd48 elementor-widget elementor-widget-text-editor\" data-id=\"87ecd48\" data-element_type=\"widget\" data-e-type=\"widget\" data-widget_type=\"text-editor.default\">\n\t\t\t\t\t\t\t\t\t<p>Pour les particuliers, collectivit\u00e9s ou professionnels, Sajra BTP prend le temps d\u2019expliquer chaque \u00e9tape du projet : type de fondations, murs porteurs, phasage de chantier, contraintes techniques. L\u2019objectif est de rendre les choix compr\u00e9hensibles, afin que chacun avance avec une vision claire des enjeux et des co\u00fbts.<\/p>\t\t\t\t\t\t\t\t<\/div>\n\t\t\t\t<\/div>\n\t\t<div class=\"elementor-element elementor-element-572458ef e-con-full e-flex e-con e-child\" data-id=\"572458ef\" data-element_type=\"container\" data-e-type=\"container\">\n\t\t\t\t<div class=\"elementor-element elementor-element-77aab704 elementor-widget elementor-widget-image\" data-id=\"77aab704\" data-element_type=\"widget\" data-e-type=\"widget\" data-widget_type=\"image.default\">\n\t\t\t\t\t\t\t\t\t\t\t\t\t\t\t<img fetchpriority=\"high\" decoding=\"async\" width=\"800\" height=\"800\" src=\"https:\/\/sajrabtp.com\/wp-content\/uploads\/2025\/11\/Sajra-BTP-accompagner-clients.jpg\" class=\"attachment-large size-large wp-image-474\" alt=\"\" srcset=\"https:\/\/sajrabtp.com\/wp-content\/uploads\/2025\/11\/Sajra-BTP-accompagner-clients.jpg 900w, https:\/\/sajrabtp.com\/wp-content\/uploads\/2025\/11\/Sajra-BTP-accompagner-clients-300x300.jpg 300w, https:\/\/sajrabtp.com\/wp-content\/uploads\/2025\/11\/Sajra-BTP-accompagner-clients-150x150.jpg 150w, https:\/\/sajrabtp.com\/wp-content\/uploads\/2025\/11\/Sajra-BTP-accompagner-clients-768x768.jpg 768w\" sizes=\"(max-width: 800px) 100vw, 800px\" \/>\t\t\t\t\t\t\t\t\t\t\t\t\t\t\t<\/div>\n\t\t\t\t<\/div>\n\t\t\t\t\t<\/div>\n\t\t\t\t<\/div>\n\t\t<div class=\"elementor-element elementor-element-337c725 e-flex e-con-boxed e-con e-parent\" data-id=\"337c725\" data-element_type=\"container\" data-e-type=\"container\">\n\t\t\t\t\t<div class=\"e-con-inner\">\n\t\t<div class=\"elementor-element elementor-element-1b61aacf e-con-full e-flex e-con e-child\" data-id=\"1b61aacf\" data-element_type=\"container\" data-e-type=\"container\">\n\t\t\t\t<div class=\"elementor-element elementor-element-93c0336 elementor-widget elementor-widget-image\" data-id=\"93c0336\" data-element_type=\"widget\" data-e-type=\"widget\" data-widget_type=\"image.default\">\n\t\t\t\t\t\t\t\t\t\t\t\t\t\t\t<img decoding=\"async\" width=\"800\" height=\"800\" src=\"https:\/\/sajrabtp.com\/wp-content\/uploads\/2025\/11\/Sajra-BTP-diagnostic-avant-achat.jpg\" class=\"attachment-large size-large wp-image-459\" alt=\"\" srcset=\"https:\/\/sajrabtp.com\/wp-content\/uploads\/2025\/11\/Sajra-BTP-diagnostic-avant-achat.jpg 900w, https:\/\/sajrabtp.com\/wp-content\/uploads\/2025\/11\/Sajra-BTP-diagnostic-avant-achat-300x300.jpg 300w, https:\/\/sajrabtp.com\/wp-content\/uploads\/2025\/11\/Sajra-BTP-diagnostic-avant-achat-150x150.jpg 150w, https:\/\/sajrabtp.com\/wp-content\/uploads\/2025\/11\/Sajra-BTP-diagnostic-avant-achat-768x768.jpg 768w\" sizes=\"(max-width: 800px) 100vw, 800px\" \/>\t\t\t\t\t\t\t\t\t\t\t\t\t\t\t<\/div>\n\t\t\t\t<\/div>\n\t\t<div class=\"elementor-element elementor-element-7597e1fe e-con-full e-flex e-con e-child\" data-id=\"7597e1fe\" data-element_type=\"container\" data-e-type=\"container\">\n\t\t\t\t<div class=\"elementor-element elementor-element-59d4562b elementor-widget elementor-widget-heading\" data-id=\"59d4562b\" data-element_type=\"widget\" data-e-type=\"widget\" data-widget_type=\"heading.default\">\n\t\t\t\t\t<h2 class=\"elementor-heading-title elementor-size-default\">Diagnostic avant achat de terrain<\/h2>\t\t\t\t<\/div>\n\t\t\t\t<div class=\"elementor-element elementor-element-2217a667 elementor-widget elementor-widget-text-editor\" data-id=\"2217a667\" data-element_type=\"widget\" data-e-type=\"widget\" data-widget_type=\"text-editor.default\">\n\t\t\t\t\t\t\t\t\t<p>Avant d\u2019acheter un terrain ou de lancer des \u00e9tudes co\u00fbteuses, Sajra BTP peut intervenir pour un premier diagnostic : accessibilit\u00e9, nature du sol, contraintes de pente, emprise possible, coh\u00e9rence entre votre budget et le type de construction envisag\u00e9. Ce regard de terrain permet d\u2019\u00e9viter des engagements risqu\u00e9s et d\u2019ajuster le projet d\u00e8s le d\u00e9part.<\/p>\t\t\t\t\t\t\t\t<\/div>\n\t\t\t\t<\/div>\n\t\t\t\t\t<\/div>\n\t\t\t\t<\/div>\n\t\t<div class=\"elementor-element elementor-element-73fe58e e-flex e-con-boxed e-con e-parent\" data-id=\"73fe58e\" data-element_type=\"container\" data-e-type=\"container\">\n\t\t\t\t\t<div class=\"e-con-inner\">\n\t\t<div class=\"elementor-element elementor-element-72965b4 e-con-full e-flex e-con e-child\" data-id=\"72965b4\" data-element_type=\"container\" data-e-type=\"container\">\n\t\t\t\t<div class=\"elementor-element elementor-element-46ccdf3 elementor-widget elementor-widget-heading\" data-id=\"46ccdf3\" data-element_type=\"widget\" data-e-type=\"widget\" data-widget_type=\"heading.default\">\n\t\t\t\t\t<h2 class=\"elementor-heading-title elementor-size-default\">Travailler avec les architectes<\/h2>\t\t\t\t<\/div>\n\t\t\t\t<div class=\"elementor-element elementor-element-3cfd581 elementor-widget elementor-widget-text-editor\" data-id=\"3cfd581\" data-element_type=\"widget\" data-e-type=\"widget\" data-widget_type=\"text-editor.default\">\n\t\t\t\t\t\t\t\t\t<p>Sajra BTP intervient r\u00e9guli\u00e8rement aux c\u00f4t\u00e9s d\u2019architectes tout au long du chantier pour valider la faisabilit\u00e9 structurelle (porte-\u00e0-faux, grands volumes, ouvertures importantes) et respecter le cahier des charges de nos clients. Les \u00e9changes en amont permettent de pr\u00e9server l\u2019intention architecturale tout en garantissant la s\u00e9curit\u00e9 et la durabilit\u00e9 de l\u2019ouvrage.<\/p>\t\t\t\t\t\t\t\t<\/div>\n\t\t\t\t<\/div>\n\t\t<div class=\"elementor-element elementor-element-799297a e-con-full e-flex e-con e-child\" data-id=\"799297a\" data-element_type=\"container\" data-e-type=\"container\">\n\t\t\t\t<div class=\"elementor-element elementor-element-aa219d4 elementor-widget elementor-widget-image\" data-id=\"aa219d4\" data-element_type=\"widget\" data-e-type=\"widget\" data-widget_type=\"image.default\">\n\t\t\t\t\t\t\t\t\t\t\t\t\t\t\t<img decoding=\"async\" width=\"800\" height=\"800\" src=\"https:\/\/sajrabtp.com\/wp-content\/uploads\/2025\/11\/Sajra-BTP-architecte.jpg\" class=\"attachment-large size-large wp-image-407\" alt=\"\" srcset=\"https:\/\/sajrabtp.com\/wp-content\/uploads\/2025\/11\/Sajra-BTP-architecte.jpg 900w, https:\/\/sajrabtp.com\/wp-content\/uploads\/2025\/11\/Sajra-BTP-architecte-300x300.jpg 300w, https:\/\/sajrabtp.com\/wp-content\/uploads\/2025\/11\/Sajra-BTP-architecte-150x150.jpg 150w, https:\/\/sajrabtp.com\/wp-content\/uploads\/2025\/11\/Sajra-BTP-architecte-768x768.jpg 768w\" sizes=\"(max-width: 800px) 100vw, 800px\" \/>\t\t\t\t\t\t\t\t\t\t\t\t\t\t\t<\/div>\n\t\t\t\t<\/div>\n\t\t\t\t\t<\/div>\n\t\t\t\t<\/div>\n\t\t\t\t<\/div>\n\t\t","protected":false},"excerpt":{"rendered":"<p>Conseils et accompagnement Un regard d\u2019expert sur votre chantier Avant de construire et durant les travaux, Sajra BTP aide \u00e0 prendre les bonnes d\u00e9cisions. Qu\u2019il s\u2019agisse d\u2019\u00e9valuer un terrain, de valider la faisabilit\u00e9 d\u2019un projet ou d\u2019accompagner des particuliers dans les choix structurels, l\u2019entreprise apporte un regard technique clair et accessible. Cette phase de conseil [&hellip;]<\/p>\n","protected":false},"author":1,"featured_media":0,"parent":0,"menu_order":0,"comment_status":"closed","ping_status":"closed","template":"","meta":{"footnotes":""},"class_list":["post-163","page","type-page","status-publish","hentry"],"_links":{"self":[{"href":"https:\/\/sajrabtp.com\/index.php\/wp-json\/wp\/v2\/pages\/163","targetHints":{"allow":["GET"]}}],"collection":[{"href":"https:\/\/sajrabtp.com\/index.php\/wp-json\/wp\/v2\/pages"}],"about":[{"href":"https:\/\/sajrabtp.com\/index.php\/wp-json\/wp\/v2\/types\/page"}],"author":[{"embeddable":true,"href":"https:\/\/sajrabtp.com\/index.php\/wp-json\/wp\/v2\/users\/1"}],"replies":[{"embeddable":true,"href":"https:\/\/sajrabtp.com\/index.php\/wp-json\/wp\/v2\/comments?post=163"}],"version-history":[{"count":71,"href":"https:\/\/sajrabtp.com\/index.php\/wp-json\/wp\/v2\/pages\/163\/revisions"}],"predecessor-version":[{"id":837,"href":"https:\/\/sajrabtp.com\/index.php\/wp-json\/wp\/v2\/pages\/163\/revisions\/837"}],"wp:attachment":[{"href":"https:\/\/sajrabtp.com\/index.php\/wp-json\/wp\/v2\/media?parent=163"}],"curies":[{"name":"wp","href":"https:\/\/api.w.org\/{rel}","templated":true}]}}